{"id":1440,"date":"2018-06-14T11:06:41","date_gmt":"2018-06-14T09:06:41","guid":{"rendered":"https:\/\/www.art-deweloper.pl\/polityka-prywatnosci\/"},"modified":"2018-12-03T21:33:37","modified_gmt":"2018-12-03T20:33:37","slug":"datenschutzerklaerung","status":"publish","type":"page","link":"https:\/\/www.art-deweloper.pl\/de\/datenschutzerklaerung\/","title":{"rendered":"Datenschutzerkl\u00e4rung"},"content":{"rendered":"<p>Datenschutzerkl\u00e4rung<\/p>\n<p>Im Hinblick auf das Inkrafttreten der Bestimmungen der Verordnung (EU) 2016\/679 des Europ\u00e4ischen Parlaments und des Rates vom 27. April 2016 zum Schutz nat\u00fcrlicher Personen bei der Verarbeitung personenbezogener Daten und zum freien Datenverkehr und zur Aufhebung der Richtlinie 95\/46\/EG, nachstehend &#8220;DSGVO&#8221; genannt, verpflichtet sich die Art &#8211; Deweloper Sp. z o.o., die Verpflichtungen aus dem Schutz personenbezogener Daten und einem angemessenen Datenschutz zu erf\u00fcllen. In diesem Zusammenhang f\u00fchrt unsere Gesellschaft eine Datenschutzerkl\u00e4rung ein, die die Grunds\u00e4tze der Verarbeitung und des Schutzes personenbezogener Daten im Unternehmen definiert, wenn die Art &#8211; Developer Sp. z o.o. die Verwaltung personenbezogener Daten ihrer Kunden, an der Zusammenarbeit interessierter Personen oder Besucher der Website ist.<\/p>\n<ol>\n<li>Der Administrator personenbezogener Daten<\/li>\n<\/ol>\n<p>Wir m\u00f6chten Sie dar\u00fcber informieren, dass der Administrator Ihrer personenbezogenen Daten die Art-Developer Sp. z o.o. mit Sitz in Wroc\u0142aw, ul. Bart\u0142omieja Strachowskiego 7A, 52-210 Wroc\u0142aw ist, die in das Nationale Gerichtsregister unter der Nummer 0000236583 eingetragen und im Besitz der NIP-Nummer (<em>Steuer-ID<\/em>) 8992546159 ist, im Folgenden als &#8220;Administrator&#8221; bezeichnet.<\/p>\n<p>Eine Kontaktaufnahme mit dem Administrator zum Schutz personenbezogener Daten ist unter der Nummer: +48 71 719 57 72 oder per E-Mail: <a href=\"mailto:sprzedaz@art-deweloper.pl\">sprzedaz@art-deweloper.pl<\/a> m\u00f6glich.<\/p>\n<p>Als Administrator sind wir bestrebt, Ihre personenbezogenen Daten in \u00dcbereinstimmung mit der DSGVO, dem Datenschutzgesetz vom 10. Mai 2018 sowie anderen allgemein g\u00fcltigen Vorschriften zu verarbeiten.<\/p>\n<ol>\n<li>Daten, die wir \u00fcber Sie erheben<\/li>\n<\/ol>\n<p>Wenn Sie an unserem Angebot interessiert sind, verarbeiten wir Ihre personenbezogenen Daten wie Ihren Vor- und Nachnamen sowie Ihre Telefonnummer oder E-Mail-Adresse. Bei Ma\u00dfnahmen, die direkt auf den Abschluss eines Development- oder Kaufvertrages mit uns abzielen, ben\u00f6tigen wir Daten wie: Vor- und Nachname, Telefonnummer, E-Mail-Adresse, Wohn- und Korrespondenzadresse, PESEL, Bankkontonummer und ID-Nummer. W\u00e4hrend Ihres Besuchs auf unserer Website erheben wir jedoch automatisch Daten \u00fcber Ihren Besuch, insbesondere Ihre IP-Adresse, Ihren Domainnamen, Ihren Betriebssystemtyp, Ihren Browsertyp. Detaillierte Informationen finden Sie im Abschnitt \u00fcber Cookies.<\/p>\n<p>&nbsp;<\/p>\n<p>III. Zweck, Grundlage und Dauer der Verarbeitung personenbezogener Daten:<\/p>\n<p>Um Dienstleistungen gem\u00e4\u00df dem Gesch\u00e4ftsprofil erbringen zu k\u00f6nnen, verarbeitet der Administrator Ihre personenbezogenen Daten &#8211; f\u00fcr verschiedene Zwecke, aber immer in \u00dcbereinstimmung mit dem Gesetz. Die Zwecke der Verarbeitung, einschlie\u00dflich der Rechtsgrundlage und des Verarbeitungszeitraums, sind nachfolgend aufgef\u00fchrt:<\/p>\n<p>&nbsp;<\/p>\n<p>Abschluss und Erf\u00fcllung eines Reservierungs-, Development-, Vor- und Kaufvertrages (Kontakt bez\u00fcglich der Vertragsbedingungen, des Datums der \u00dcbernahme der Immobilie, der Kosten\u00fcbernahme und anderer wichtiger Fragen im Zusammenhang mit den Verpflichtungen der Parteien). Die Rechtsgrundlage f\u00fcr die Verarbeitung personenbezogener Daten in dieser Situation ist Art. 6 Abs. 1 lit. b) DSGVO. Die Daten werden ab dem Zeitpunkt ihrer Erhebung bis zur Durchf\u00fchrung oder Beendigung der oben genannten Vereinbarungen verarbeitet.<\/p>\n<p>Festlegung, Untersuchung oder Verteidigung gegen die Anspr\u00fcche der Parteien des Kaufvertrages \u00fcber Immobilien. Die Rechtsgrundlage f\u00fcr die Verarbeitung personenbezogener Daten ist in diesem Fall Art. 6 Abs. 1 lit. c und f der DSGVO. Die Daten werden im Rahmen der Verj\u00e4hrung von Anspr\u00fcchen aus dem zwischen den Parteien geschlossenen Vertrag verarbeitet.<\/p>\n<p>Begleichung \u00f6ffentlicher und gesetzlicher Forderungen und Erf\u00fcllung der dem Administrator obliegenden Verpflichtungen, die sich aus dem Rechnungslegungsgesetz ergeben. Rechtsgrundlage f\u00fcr die Verarbeitung personenbezogener Daten ist in diesem Fall Art. 6 Abs. 1 lit. c der DSGVO in Verbindung mit Art. 74 Rechnungslegungsgesetz. Die buchm\u00e4\u00dfigen Daten werden f\u00fcr einen Zeitraum von f\u00fcnf Jahren ab Beginn des Jahres aufbewahrt, das auf das Gesch\u00e4ftsjahr folgt, auf das sie sich beziehen.<\/p>\n<p>Verwendung von Cookies (siehe Punkt IV). Rechtsgrundlage f\u00fcr diese Verarbeitung ist Art. 6 Abs. 1 lit. a der DSGVO, der die Verarbeitung personenbezogener Daten auf der Grundlage einer freiwilligen Einwilligung erm\u00f6glicht (Anfrage nach der Verwendung von Cookies beim ersten Zugriff auf die Website). Personenbezogene Daten aus Cookies werden bis zu ihrem Verfall oder ihrer \u00dcberholtheit verarbeitet, jedoch nicht l\u00e4nger als 3 Jahre.<\/p>\n<p>Ziele im Zusammenhang mit der Profilerstellung (siehe Punkt V). Die Rechtsgrundlage f\u00fcr die Verarbeitung dieser personenbezogenen Daten ist Art. 6 Abs. 1 lit. f) der DSGVO. Personenbezogene Daten, die haupts\u00e4chlich zu Analysezwecken oder zur Vorhersage Ihres Verhaltens verarbeitet werden, k\u00f6nnen bis zu ihrer Verj\u00e4hrung oder Beanstandung, jedoch nicht l\u00e4nger als 3 Jahre, verarbeitet werden.<\/p>\n<ol>\n<li>Cookies<\/li>\n<\/ol>\n<p>Der Administrator verwendet auf seiner Website, wie andere Unternehmen auch, so genannte Cookies, d.h. kurze Textinformationen, die auf dem Computer, dem Telefon, dem Tablett oder einem anderen Ger\u00e4t des Benutzers gespeichert sind. Sie k\u00f6nnen sowohl vom System des Administrators als auch von Systemen anderer Unternehmen, deren Dienste wir nutzen (z.B. Facebook, Google), gelesen werden.<\/p>\n<p>&nbsp;<\/p>\n<p>Cookies erf\u00fcllen viele Funktionen auf der Website, von denen die wichtigsten unten aufgef\u00fchrt sind (wenn die Informationen unzureichend sind, wenden Sie sich bitte an den Administrator, um sie zu erg\u00e4nzen), beeinflussen die Prozesse und die Effizienz der Nutzung der Website &#8211; Cookies werden verwendet, um die Website effizient arbeiten zu lassen und die Nutzung der auf ihr verf\u00fcgbaren Funktionen zu erm\u00f6glichen, was unter anderem durch das Erinnern der Einstellungen zwischen den nachfolgenden Besuchen der Website m\u00f6glich ist. Dank ihnen ist es m\u00f6glich, effizient auf der Website und einzelnen Unterseiten zu navigieren;<\/p>\n<p>Gew\u00e4hrleistung der Sicherheit &#8211; Cookies werden zur Authentifizierung von Benutzern verwendet, daher werden sie eingesetzt, um die personenbezogenen Daten des Benutzers vor unbefugtem Zugriff zu sch\u00fctzen;<\/p>\n<p>Auswirkungen auf die Prozesse und die Effizienz der Nutzung der Website &#8211; Cookies werden verwendet, um die Website effizient arbeiten zu lassen und die Nutzung der auf ihr verf\u00fcgbaren Funktionen zu erm\u00f6glichen, was unter anderem dadurch m\u00f6glich ist, dass die Einstellungen zwischen den einzelnen Besuchen auf der Website gespeichert werden. Dank ihnen ist es m\u00f6glich, effizient auf der Website und einzelnen Unterseiten zu navigieren;<\/p>\n<p>Sitzungsstatus &#8211; Cookies speichern oft Informationen dar\u00fcber, wie Besucher die Website nutzen, z.B. welche Unterseiten sie am h\u00e4ufigsten aufrufen. Sie erm\u00f6glichen es auch, Fehler zu identifizieren, die auf einigen Unterseiten angezeigt werden. Cookies, die zum Speichern des sogenannten &#8220;Sitzungsstatus&#8221; verwendet werden, helfen daher, den Service zu verbessern und den Komfort beim Surfen zu erh\u00f6hen;<\/p>\n<p>Aufrechterhaltung des Sitzungsstatus &#8211; wenn sich der Kunde in seinem Panel anmeldet, erm\u00f6glichen Cookies die Aufrechterhaltung der Sitzung. Das bedeutet, dass Sie nach dem Wechsel auf eine andere Unterseite nicht jedes Mal Ihr Login und Passwort neu eingeben m\u00fcssen, was dem Komfort der Nutzung der Website f\u00f6rderlich ist;<\/p>\n<p>Erstellung von Statistiken &#8211; Cookies werden verwendet, um zu analysieren, wie die Nutzer die Website nutzen (wie viele Besucher die Website besuchen, wie lange sie auf ihr bleiben, welche Inhalte das gr\u00f6\u00dfte Interesse wecken, etc. Dadurch ist es m\u00f6glich, die Website st\u00e4ndig zu verbessern und ihre Bedienung an die Pr\u00e4ferenzen der Nutzer anzupassen. Wir verwenden Google Analysetools wie Google Analytics, um Aktivit\u00e4ten zu verfolgen und Statistiken zu erstellen; zus\u00e4tzlich zu den Berichten \u00fcber die Website-Nutzungsstatistiken kann Google Analytics zusammen mit einigen der oben beschriebenen Cookies auch verwendet werden, um Ihnen zu helfen, relevantere Inhalte auf Google-Diensten (z.B. Google-Suchmaschine) und im gesamten Web anzuzeigen;<\/p>\n<p>Nutzung sozialer Funktionen &#8211; wir haben einen Facebook-Pixel auf der Website, der es Ihnen erm\u00f6glicht, unsere Fanpage auf dieser Website w\u00e4hrend der Nutzung der Website zu m\u00f6gen. Damit dies m\u00f6glich ist, m\u00fcssen wir jedoch von Facebook bereitgestellte Cookies verwenden;<\/p>\n<p>Verwendung von Google AdSense &#8211; dieses Skript ist f\u00fcr die Pr\u00e4sentation, die Z\u00e4hlung der Klicks und die Abstimmung der Anzeigen auf die Interessen des Benutzers verantwortlich.<\/p>\n<p>Wichtig ist, dass viele Cookies f\u00fcr uns anonym sind &#8211; ohne zus\u00e4tzliche Informationen k\u00f6nnen wir Sie nicht anhand von Cookies identifizieren.<\/p>\n<p>Standardm\u00e4\u00dfig erlaubt Ihr Webbrowser die Verwendung von Cookies auf Ihrem Ger\u00e4t, daher stimmen Sie bitte der Verwendung von Cookies bei Ihrem ersten Besuch zu. Wenn Sie jedoch beim Surfen auf der Website keine Cookies verwenden m\u00f6chten, k\u00f6nnen Sie die Einstellungen in Ihrem Browser \u00e4ndern &#8211; die automatische Behandlung von Cookies vollst\u00e4ndig blockieren oder verlangen, dass Sie bei jedem Setzen eines Cookies auf Ihrem Ger\u00e4t benachrichtigt werden. Um die f\u00fcr Sie geeignete Option nutzen zu k\u00f6nnen, sollten Sie sich mit den Informationen zur Verwaltung von Cookies vertraut machen, die Sie am h\u00e4ufigsten in den &#8220;Einstellungen&#8221; Ihres Browsers oder in der Registerkarte &#8220;Hilfe&#8221; finden. Die Einstellungen k\u00f6nnen jederzeit ge\u00e4ndert werden.<\/p>\n<p>Wir sind jedoch verpflichtet, Sie darauf hinzuweisen, dass das Deaktivieren oder Einschr\u00e4nken der Verwendung von Cookies zu erheblichen Schwierigkeiten bei der Nutzung der Website f\u00fchren kann, z.B. in Form einer l\u00e4ngeren Ladezeit, Einschr\u00e4nkungen bei der Nutzung der Funktionalit\u00e4t, Einschr\u00e4nkungen bei der Nutzung der Website auf Facebook, etc.<\/p>\n<ol>\n<li>Profilerstellung<\/li>\n<\/ol>\n<p>Der Administrator verwendet automatisierte Entscheidungssysteme (z.B. Google Analytics), einschlie\u00dflich Profiling, aber dies hat keine rechtlichen Auswirkungen auf Sie oder hat einen signifikanten Einfluss auf Sie. Das Data Profiling durch den Administrator besteht in der Verarbeitung von Daten (auch automatisiert), indem bestimmte Informationen zur Auswertung, insbesondere zur Analyse oder Prognose Ihrer pers\u00f6nlichen Pr\u00e4ferenzen und Verhaltensweisen, verwendet werden. Rechtsgrundlage f\u00fcr die Erstellung von Profilen ist Art. 6 Abs. 1 lit. f der DSGVO (berechtigtes Interesse des Administrators &#8211; z.B. Analyse und Optimierung). Bitte beachten Sie, dass Sie das Recht haben, der Profilierung und Sperrung der Installation von Cookies \u00fcber die entsprechenden Einstellungen Ihres Browsers zu widersprechen.<\/p>\n<p>&nbsp;<\/p>\n<p>Weitere Informationen zu den Nutzungsbedingungen und zum Datenschutz von Google Analytics finden Sie auf der Website: <a href=\"https:\/\/www.google.com\/analytics\/terms\/pl.html\">https:\/\/www.google.com\/analytics\/terms\/pl.html<\/a><\/p>\n<p>&nbsp;<\/p>\n<ol>\n<li>Empf\u00e4nger von personenbezogenen Daten:<\/li>\n<\/ol>\n<p>Ihre personenbezogenen Daten k\u00f6nnen an Unternehmen weitergegeben werden, die Dienstleistungen zugunsten des Administrators erbringen, und zwar auf der Grundlage einer Vereinbarung, die die Verarbeitung personenbezogener Daten zur Erf\u00fcllung der dem Administrator obliegenden Aufgaben oder zur Verbesserung der Gesch\u00e4ftst\u00e4tigkeit des Unternehmens beauftragt (z.B. Buchhaltungs- und Personalabteilung, IT-Spezialist, Rechtsanwalt, Finanzberater, aufnehmendes Unternehmen). Wir m\u00f6chten Sie darauf hinweisen, dass wir nur die Dienste solcher Datenverarbeiter in Anspruch nehmen, die Garantien f\u00fcr eine Verarbeitung in \u00dcbereinstimmung mit den Vorschriften zum Schutz personenbezogener Daten bieten.<\/p>\n<p>&nbsp;<\/p>\n<p>Ihre personenbezogenen Daten k\u00f6nnen auch Unternehmen, die nach geltendem Recht berechtigt sind, sie zu erhalten, z.B. Steuerbeh\u00f6rden, zur Verf\u00fcgung gestellt werden, wenn die Beh\u00f6rde sie auf der Grundlage der einschl\u00e4gigen Rechtsvorschriften anfordert. Wir versichern Ihnen unsererseits, dass wir jedes Mal, wenn wir personenbezogene Daten anfordern, diese sehr sorgf\u00e4ltig und sehr sorgf\u00e4ltig analysieren, um die Informationen nicht versehentlich an eine unbefugte Person weiterzugeben.<\/p>\n<p>&nbsp;<\/p>\n<p>Im Rahmen der Erstellung von Profilen mit Hilfe von Tools wie Google Analytics werden Ihre Daten (nur die von Cookies erfassten, mehr unter Punkt IV und V) in ein Drittland (z.B. die USA) \u00fcbertragen.<\/p>\n<p>&nbsp;<\/p>\n<p>VII. Ihre Rechte zum Datenschutz<\/p>\n<p>Sie haben das Recht auf Zugang zu Ihren Daten und das Recht auf Berichtigung, auf Vervollst\u00e4ndigung unvollst\u00e4ndiger Daten sowie das Recht auf \u00dcbermittlung der Daten, sofern sie automatisch verarbeitet werden.<\/p>\n<p>&nbsp;<\/p>\n<p>Sind Ihre Daten f\u00fcr die Zwecke, f\u00fcr die sie erhoben wurden, nicht mehr erforderlich, haben Sie das Recht, die Verarbeitung zu widerrufen oder einzuschr\u00e4nken und der Verarbeitung zu widersprechen.<\/p>\n<p>&nbsp;<\/p>\n<p>F\u00fcr den Fall, dass die Verarbeitung auf einer Einwilligung beruht, haben Sie das Recht, diese jederzeit zu widerrufen. Der Widerruf der Einwilligung hat keinen Einfluss auf die Rechtm\u00e4\u00dfigkeit der Verarbeitung Ihrer Daten, die aufgrund Ihrer Einwilligung vor dem Widerruf erfolgt.<\/p>\n<p>&nbsp;<\/p>\n<p>Wenn wir Daten verarbeiten, die mit Hilfe von Cookies erhoben werden, kann der Administrator diese in den meisten F\u00e4llen nicht identifizieren, sodass wir Sie bitten, zus\u00e4tzliche Informationen zur Identifizierung einer Person anzugeben, wenn Sie Ihre Rechte aus\u00fcben m\u00f6chten.<\/p>\n<p>&nbsp;<\/p>\n<p>Um Ihre Rechte auszu\u00fcben, wenden Sie sich bitte per E-Mail an den Administrator: <a href=\"mailto:sprzedaz@art-deweloper.pl\">sprzedaz@art-deweloper.pl<\/a><\/p>\n<p>&nbsp;<\/p>\n<p>VIII. Die Angabe personenbezogener Daten ist freiwillig, kann aber eine notwendige Voraussetzung f\u00fcr den Abschluss eines Vertrages und die Erf\u00fcllung der Verarbeitungszwecke sein.<\/p>\n<ol>\n<li>Recht zur Einreichung einer Beschwerde bei der Aufsichtsbeh\u00f6rde<\/li>\n<\/ol>\n<p>Der Administrator informiert auch \u00fcber das Recht, beim Pr\u00e4sidenten des Amtes f\u00fcr den Schutz personenbezogener Daten eine Beschwerde einzureichen, wenn Sie der Meinung sind, dass die Verarbeitung personenbezogener Daten gegen die Vorschriften der DSGVO verst\u00f6\u00dft.<\/p>\n<p>&nbsp;<\/p>\n<ol>\n<li>Schlussbestimmungen<\/li>\n<\/ol>\n<p>Soweit in dieser Datenschutzerkl\u00e4rung nicht geregelt, gelten die Bestimmungen zum Schutz personenbezogener Daten.<\/p>\n<p>Diese Datenschutzerkl\u00e4rung gilt ab dem 25. Mai 2018.<\/p>\n","protected":false},"excerpt":{"rendered":"<p>Datenschutzerkl\u00e4rung Im Hinblick auf das Inkrafttreten der Bestimmungen der Verordnung (EU) 2016\/679 des Europ\u00e4ischen Parlaments und des Rates vom 27. April 2016 zum Schutz nat\u00fcrlicher Personen bei der Verarbeitung personenbezogener Daten und zum freien Datenverkehr und zur Aufhebung der Richtlinie 95\/46\/EG, nachstehend &#8220;DSGVO&#8221; genannt, verpflichtet sich die Art &#8211; Deweloper Sp. z o.o., die Verpflichtungen [&hellip;]<\/p>\n","protected":false},"author":3,"featured_media":0,"parent":0,"menu_order":0,"comment_status":"closed","ping_status":"open","template":"","meta":{"footnotes":""},"class_list":["post-1440","page","type-page","status-publish","hentry"],"yoast_head":"<!-- This site is optimized with the Yoast SEO plugin v15.5 - https:\/\/yoast.com\/wordpress\/plugins\/seo\/ -->\n<title>Datenschutzerkl\u00e4rung - Art-Deweloper<\/title>\n<meta name=\"robots\" content=\"index, follow, max-snippet:-1, max-image-preview:large, max-video-preview:-1\" \/>\n<link rel=\"canonical\" href=\"https:\/\/www.art-deweloper.pl\/de\/datenschutzerklaerung\/\" \/>\n<meta property=\"og:locale\" content=\"de_DE\" \/>\n<meta property=\"og:type\" content=\"article\" \/>\n<meta property=\"og:title\" content=\"Datenschutzerkl\u00e4rung - Art-Deweloper\" \/>\n<meta property=\"og:description\" content=\"Datenschutzerkl\u00e4rung Im Hinblick auf das Inkrafttreten der Bestimmungen der Verordnung (EU) 2016\/679 des Europ\u00e4ischen Parlaments und des Rates vom 27. April 2016 zum Schutz nat\u00fcrlicher Personen bei der Verarbeitung personenbezogener Daten und zum freien Datenverkehr und zur Aufhebung der Richtlinie 95\/46\/EG, nachstehend &#8220;DSGVO&#8221; genannt, verpflichtet sich die Art &#8211; Deweloper Sp. z o.o., die Verpflichtungen [&hellip;]\" \/>\n<meta property=\"og:url\" content=\"https:\/\/www.art-deweloper.pl\/de\/datenschutzerklaerung\/\" \/>\n<meta property=\"og:site_name\" content=\"Art-Deweloper\" \/>\n<meta property=\"article:modified_time\" content=\"2018-12-03T20:33:37+00:00\" \/>\n<meta name=\"twitter:card\" content=\"summary_large_image\" \/>\n<meta name=\"twitter:label1\" content=\"Gesch\u00e4tzte Lesezeit\">\n\t<meta name=\"twitter:data1\" content=\"8\u00a0Minuten\">\n<script type=\"application\/ld+json\" class=\"yoast-schema-graph\">{\"@context\":\"https:\/\/schema.org\",\"@graph\":[{\"@type\":\"WebSite\",\"@id\":\"https:\/\/www.art-deweloper.pl\/#website\",\"url\":\"https:\/\/www.art-deweloper.pl\/\",\"name\":\"ArtDeveloper\",\"description\":\"Firma Art-Deweloper Sp. z o.o. powsta\\u0142a w 2005 roku. Od samego pocz\\u0105tku swojej dzia\\u0142alno\\u015bci jeste\\u015bmy liderem w budowaniu unikalnych apartament\\u00f3w s\\u0142yn\\u0105cych z post\\u0119powej technologii tworzenia, oryginalno\\u015bci formy architektonicznej oraz wysokiej jako\\u015bci materia\\u0142\\u00f3w wykorzystywanych w procesie budowlanym.\",\"potentialAction\":[{\"@type\":\"SearchAction\",\"target\":\"https:\/\/www.art-deweloper.pl\/?s={search_term_string}\",\"query-input\":\"required name=search_term_string\"}],\"inLanguage\":\"de\"},{\"@type\":\"WebPage\",\"@id\":\"https:\/\/www.art-deweloper.pl\/de\/datenschutzerklaerung\/#webpage\",\"url\":\"https:\/\/www.art-deweloper.pl\/de\/datenschutzerklaerung\/\",\"name\":\"Datenschutzerkl\\u00e4rung - Art-Deweloper\",\"isPartOf\":{\"@id\":\"https:\/\/www.art-deweloper.pl\/#website\"},\"datePublished\":\"2018-06-14T09:06:41+00:00\",\"dateModified\":\"2018-12-03T20:33:37+00:00\",\"inLanguage\":\"de\",\"potentialAction\":[{\"@type\":\"ReadAction\",\"target\":[\"https:\/\/www.art-deweloper.pl\/de\/datenschutzerklaerung\/\"]}]}]}<\/script>\n<!-- \/ Yoast SEO plugin. -->","_links":{"self":[{"href":"https:\/\/www.art-deweloper.pl\/de\/wp-json\/wp\/v2\/pages\/1440","targetHints":{"allow":["GET"]}}],"collection":[{"href":"https:\/\/www.art-deweloper.pl\/de\/wp-json\/wp\/v2\/pages"}],"about":[{"href":"https:\/\/www.art-deweloper.pl\/de\/wp-json\/wp\/v2\/types\/page"}],"author":[{"embeddable":true,"href":"https:\/\/www.art-deweloper.pl\/de\/wp-json\/wp\/v2\/users\/3"}],"replies":[{"embeddable":true,"href":"https:\/\/www.art-deweloper.pl\/de\/wp-json\/wp\/v2\/comments?post=1440"}],"version-history":[{"count":2,"href":"https:\/\/www.art-deweloper.pl\/de\/wp-json\/wp\/v2\/pages\/1440\/revisions"}],"predecessor-version":[{"id":1941,"href":"https:\/\/www.art-deweloper.pl\/de\/wp-json\/wp\/v2\/pages\/1440\/revisions\/1941"}],"wp:attachment":[{"href":"https:\/\/www.art-deweloper.pl\/de\/wp-json\/wp\/v2\/media?parent=1440"}],"curies":[{"name":"wp","href":"https:\/\/api.w.org\/{rel}","templated":true}]}}