{"id":258,"date":"2018-06-14T11:11:33","date_gmt":"2018-06-14T09:11:33","guid":{"rendered":"https:\/\/www.art-deweloper.pl\/strona-glowna\/"},"modified":"2020-12-15T18:40:45","modified_gmt":"2020-12-15T17:40:45","slug":"strona-glowna","status":"publish","type":"page","link":"https:\/\/www.art-deweloper.pl\/de\/","title":{"rendered":"Startseite"},"content":{"rendered":"","protected":false},"excerpt":{"rendered":"","protected":false},"author":3,"featured_media":0,"parent":0,"menu_order":0,"comment_status":"closed","ping_status":"closed","template":"page-home.php","meta":{"footnotes":""},"class_list":["post-258","page","type-page","status-publish","hentry"],"yoast_head":"<!-- This site is optimized with the Yoast SEO plugin v15.5 - https:\/\/yoast.com\/wordpress\/plugins\/seo\/ -->\n<title>Startseite - Art-Deweloper<\/title>\n<meta name=\"description\" content=\"Firma Art-Deweloper Sp. z o.o. powsta\u0142a w 2005 roku. Od samego pocz\u0105tku swojej dzia\u0142alno\u015bci jeste\u015bmy liderem w budowaniu unikalnych apartament\u00f3w s\u0142yn\u0105cych z post\u0119powej technologii tworzenia, oryginalno\u015bci formy architektonicznej oraz wysokiej jako\u015bci materia\u0142\u00f3w wykorzystywanych w procesie budowlanym.\" \/>\n<meta name=\"robots\" content=\"index, follow, max-snippet:-1, max-image-preview:large, max-video-preview:-1\" \/>\n<link rel=\"canonical\" href=\"https:\/\/www.art-deweloper.pl\/de\/\" \/>\n<meta property=\"og:locale\" content=\"de_DE\" \/>\n<meta property=\"og:type\" content=\"article\" \/>\n<meta property=\"og:title\" content=\"Startseite - Art-Deweloper\" \/>\n<meta property=\"og:description\" content=\"Firma Art-Deweloper Sp. z o.o. powsta\u0142a w 2005 roku. Od samego pocz\u0105tku swojej dzia\u0142alno\u015bci jeste\u015bmy liderem w budowaniu unikalnych apartament\u00f3w s\u0142yn\u0105cych z post\u0119powej technologii tworzenia, oryginalno\u015bci formy architektonicznej oraz wysokiej jako\u015bci materia\u0142\u00f3w wykorzystywanych w procesie budowlanym.\" \/>\n<meta property=\"og:url\" content=\"https:\/\/www.art-deweloper.pl\/de\/\" \/>\n<meta property=\"og:site_name\" content=\"Art-Deweloper\" \/>\n<meta property=\"article:modified_time\" content=\"2020-12-15T17:40:45+00:00\" \/>\n<meta name=\"twitter:card\" content=\"summary_large_image\" \/>\n<script type=\"application\/ld+json\" class=\"yoast-schema-graph\">{\"@context\":\"https:\/\/schema.org\",\"@graph\":[{\"@type\":\"WebSite\",\"@id\":\"https:\/\/www.art-deweloper.pl\/#website\",\"url\":\"https:\/\/www.art-deweloper.pl\/\",\"name\":\"ArtDeveloper\",\"description\":\"Firma Art-Deweloper Sp. z o.o. powsta\\u0142a w 2005 roku. Od samego pocz\\u0105tku swojej dzia\\u0142alno\\u015bci jeste\\u015bmy liderem w budowaniu unikalnych apartament\\u00f3w s\\u0142yn\\u0105cych z post\\u0119powej technologii tworzenia, oryginalno\\u015bci formy architektonicznej oraz wysokiej jako\\u015bci materia\\u0142\\u00f3w wykorzystywanych w procesie budowlanym.\",\"potentialAction\":[{\"@type\":\"SearchAction\",\"target\":\"https:\/\/www.art-deweloper.pl\/?s={search_term_string}\",\"query-input\":\"required name=search_term_string\"}],\"inLanguage\":\"de\"},{\"@type\":\"WebPage\",\"@id\":\"https:\/\/www.art-deweloper.pl\/de\/#webpage\",\"url\":\"https:\/\/www.art-deweloper.pl\/de\/\",\"name\":\"Startseite - Art-Deweloper\",\"isPartOf\":{\"@id\":\"https:\/\/www.art-deweloper.pl\/#website\"},\"datePublished\":\"2018-06-14T09:11:33+00:00\",\"dateModified\":\"2020-12-15T17:40:45+00:00\",\"description\":\"Firma Art-Deweloper Sp. z o.o. powsta\\u0142a w 2005 roku. Od samego pocz\\u0105tku swojej dzia\\u0142alno\\u015bci jeste\\u015bmy liderem w budowaniu unikalnych apartament\\u00f3w s\\u0142yn\\u0105cych z post\\u0119powej technologii tworzenia, oryginalno\\u015bci formy architektonicznej oraz wysokiej jako\\u015bci materia\\u0142\\u00f3w wykorzystywanych w procesie budowlanym.\",\"inLanguage\":\"de\",\"potentialAction\":[{\"@type\":\"ReadAction\",\"target\":[\"https:\/\/www.art-deweloper.pl\/de\/\"]}]}]}<\/script>\n<!-- \/ Yoast SEO plugin. -->","_links":{"self":[{"href":"https:\/\/www.art-deweloper.pl\/de\/wp-json\/wp\/v2\/pages\/258","targetHints":{"allow":["GET"]}}],"collection":[{"href":"https:\/\/www.art-deweloper.pl\/de\/wp-json\/wp\/v2\/pages"}],"about":[{"href":"https:\/\/www.art-deweloper.pl\/de\/wp-json\/wp\/v2\/types\/page"}],"author":[{"embeddable":true,"href":"https:\/\/www.art-deweloper.pl\/de\/wp-json\/wp\/v2\/users\/3"}],"replies":[{"embeddable":true,"href":"https:\/\/www.art-deweloper.pl\/de\/wp-json\/wp\/v2\/comments?post=258"}],"version-history":[{"count":27,"href":"https:\/\/www.art-deweloper.pl\/de\/wp-json\/wp\/v2\/pages\/258\/revisions"}],"predecessor-version":[{"id":3595,"href":"https:\/\/www.art-deweloper.pl\/de\/wp-json\/wp\/v2\/pages\/258\/revisions\/3595"}],"wp:attachment":[{"href":"https:\/\/www.art-deweloper.pl\/de\/wp-json\/wp\/v2\/media?parent=258"}],"curies":[{"name":"wp","href":"https:\/\/api.w.org\/{rel}","templated":true}]}}