{"id":259,"date":"2018-06-14T11:11:33","date_gmt":"2018-06-14T09:11:33","guid":{"rendered":"https:\/\/www.art-deweloper.pl\/strona-glowna\/"},"modified":"2020-12-15T18:41:14","modified_gmt":"2020-12-15T17:41:14","slug":"strona-glowna","status":"publish","type":"page","link":"https:\/\/www.art-deweloper.pl\/ru\/","title":{"rendered":"\u0413\u043b\u0430\u0432\u043d\u0430\u044f \u0441\u0442\u0440\u0430\u043d\u0438\u0446\u0430"},"content":{"rendered":"","protected":false},"excerpt":{"rendered":"","protected":false},"author":3,"featured_media":0,"parent":0,"menu_order":0,"comment_status":"closed","ping_status":"closed","template":"page-home.php","meta":{"footnotes":""},"class_list":["post-259","page","type-page","status-publish","hentry"],"yoast_head":"<!-- This site is optimized with the Yoast SEO plugin v15.5 - https:\/\/yoast.com\/wordpress\/plugins\/seo\/ -->\n<title>\u0413\u043b\u0430\u0432\u043d\u0430\u044f \u0441\u0442\u0440\u0430\u043d\u0438\u0446\u0430 - Art-Deweloper<\/title>\n<meta name=\"description\" content=\"Firma Art-Deweloper Sp. z o.o. powsta\u0142a w 2005 roku. Od samego pocz\u0105tku swojej dzia\u0142alno\u015bci jeste\u015bmy liderem w budowaniu unikalnych apartament\u00f3w s\u0142yn\u0105cych z post\u0119powej technologii tworzenia, oryginalno\u015bci formy architektonicznej oraz wysokiej jako\u015bci materia\u0142\u00f3w wykorzystywanych w procesie budowlanym.\" \/>\n<meta name=\"robots\" content=\"index, follow, max-snippet:-1, max-image-preview:large, max-video-preview:-1\" \/>\n<link rel=\"canonical\" href=\"https:\/\/www.art-deweloper.pl\/ru\/\" \/>\n<meta property=\"og:locale\" content=\"ru_RU\" \/>\n<meta property=\"og:type\" content=\"article\" \/>\n<meta property=\"og:title\" content=\"\u0413\u043b\u0430\u0432\u043d\u0430\u044f \u0441\u0442\u0440\u0430\u043d\u0438\u0446\u0430 - Art-Deweloper\" \/>\n<meta property=\"og:description\" content=\"Firma Art-Deweloper Sp. z o.o. powsta\u0142a w 2005 roku. Od samego pocz\u0105tku swojej dzia\u0142alno\u015bci jeste\u015bmy liderem w budowaniu unikalnych apartament\u00f3w s\u0142yn\u0105cych z post\u0119powej technologii tworzenia, oryginalno\u015bci formy architektonicznej oraz wysokiej jako\u015bci materia\u0142\u00f3w wykorzystywanych w procesie budowlanym.\" \/>\n<meta property=\"og:url\" content=\"https:\/\/www.art-deweloper.pl\/ru\/\" \/>\n<meta property=\"og:site_name\" content=\"Art-Deweloper\" \/>\n<meta property=\"article:modified_time\" content=\"2020-12-15T17:41:14+00:00\" \/>\n<meta name=\"twitter:card\" content=\"summary_large_image\" \/>\n<script type=\"application\/ld+json\" class=\"yoast-schema-graph\">{\"@context\":\"https:\/\/schema.org\",\"@graph\":[{\"@type\":\"WebSite\",\"@id\":\"https:\/\/www.art-deweloper.pl\/#website\",\"url\":\"https:\/\/www.art-deweloper.pl\/\",\"name\":\"ArtDeveloper\",\"description\":\"Firma Art-Deweloper Sp. z o.o. powsta\\u0142a w 2005 roku. Od samego pocz\\u0105tku swojej dzia\\u0142alno\\u015bci jeste\\u015bmy liderem w budowaniu unikalnych apartament\\u00f3w s\\u0142yn\\u0105cych z post\\u0119powej technologii tworzenia, oryginalno\\u015bci formy architektonicznej oraz wysokiej jako\\u015bci materia\\u0142\\u00f3w wykorzystywanych w procesie budowlanym.\",\"potentialAction\":[{\"@type\":\"SearchAction\",\"target\":\"https:\/\/www.art-deweloper.pl\/?s={search_term_string}\",\"query-input\":\"required name=search_term_string\"}],\"inLanguage\":\"ru-RU\"},{\"@type\":\"WebPage\",\"@id\":\"https:\/\/www.art-deweloper.pl\/ru\/#webpage\",\"url\":\"https:\/\/www.art-deweloper.pl\/ru\/\",\"name\":\"\\u0413\\u043b\\u0430\\u0432\\u043d\\u0430\\u044f \\u0441\\u0442\\u0440\\u0430\\u043d\\u0438\\u0446\\u0430 - Art-Deweloper\",\"isPartOf\":{\"@id\":\"https:\/\/www.art-deweloper.pl\/#website\"},\"datePublished\":\"2018-06-14T09:11:33+00:00\",\"dateModified\":\"2020-12-15T17:41:14+00:00\",\"description\":\"Firma Art-Deweloper Sp. z o.o. powsta\\u0142a w 2005 roku. Od samego pocz\\u0105tku swojej dzia\\u0142alno\\u015bci jeste\\u015bmy liderem w budowaniu unikalnych apartament\\u00f3w s\\u0142yn\\u0105cych z post\\u0119powej technologii tworzenia, oryginalno\\u015bci formy architektonicznej oraz wysokiej jako\\u015bci materia\\u0142\\u00f3w wykorzystywanych w procesie budowlanym.\",\"inLanguage\":\"ru-RU\",\"potentialAction\":[{\"@type\":\"ReadAction\",\"target\":[\"https:\/\/www.art-deweloper.pl\/ru\/\"]}]}]}<\/script>\n<!-- \/ Yoast SEO plugin. -->","_links":{"self":[{"href":"https:\/\/www.art-deweloper.pl\/ru\/wp-json\/wp\/v2\/pages\/259","targetHints":{"allow":["GET"]}}],"collection":[{"href":"https:\/\/www.art-deweloper.pl\/ru\/wp-json\/wp\/v2\/pages"}],"about":[{"href":"https:\/\/www.art-deweloper.pl\/ru\/wp-json\/wp\/v2\/types\/page"}],"author":[{"embeddable":true,"href":"https:\/\/www.art-deweloper.pl\/ru\/wp-json\/wp\/v2\/users\/3"}],"replies":[{"embeddable":true,"href":"https:\/\/www.art-deweloper.pl\/ru\/wp-json\/wp\/v2\/comments?post=259"}],"version-history":[{"count":28,"href":"https:\/\/www.art-deweloper.pl\/ru\/wp-json\/wp\/v2\/pages\/259\/revisions"}],"predecessor-version":[{"id":3596,"href":"https:\/\/www.art-deweloper.pl\/ru\/wp-json\/wp\/v2\/pages\/259\/revisions\/3596"}],"wp:attachment":[{"href":"https:\/\/www.art-deweloper.pl\/ru\/wp-json\/wp\/v2\/media?parent=259"}],"curies":[{"name":"wp","href":"https:\/\/api.w.org\/{rel}","templated":true}]}}